{"id":4439,"date":"2021-10-12T16:27:24","date_gmt":"2021-10-12T16:27:24","guid":{"rendered":"http:\/\/dummy.xtemos.com\/woodmart2\/elementor\/?page_id=4439"},"modified":"2024-10-09T16:03:01","modified_gmt":"2024-10-09T13:03:01","slug":"kontakti","status":"publish","type":"page","link":"https:\/\/vnmedia.lv\/en\/kontakti\/","title":{"rendered":"Contact us"},"content":{"rendered":"<div data-elementor-type=\"wp-page\" data-elementor-id=\"4439\" class=\"elementor elementor-4439\">\n\t\t\t\t<div class=\"elementor-element elementor-element-68d0e93 wd-section-stretch-content e-flex e-con-boxed e-con e-parent\" data-id=\"68d0e93\" data-element_type=\"container\" data-e-type=\"container\">\n\t\t\t\t\t<div class=\"e-con-inner\">\n\t\t\t\t<div class=\"elementor-element elementor-element-5b5f235 wd-width-100 elementor-widget elementor-widget-wd_google_map\" data-id=\"5b5f235\" data-element_type=\"widget\" data-e-type=\"widget\" data-widget_type=\"wd_google_map.default\">\n\t\t\t\t<div class=\"elementor-widget-container\">\n\t\t\t\t\t\t\t<div class=\"google-map-container wd-map-container map-mask-dark map-container-with-content\" style=\"--wd-justify-content: left; --wd-align-items: center;\" data-map-args='{&quot;multiple_markers&quot;:&quot;no&quot;,&quot;latitude&quot;:&quot;56.8406494&quot;,&quot;longitude&quot;:&quot;24.7537645&quot;,&quot;zoom&quot;:7,&quot;mouse_zoom&quot;:&quot;no&quot;,&quot;init_type&quot;:&quot;page_load&quot;,&quot;init_offset&quot;:&quot;&quot;,&quot;json_style&quot;:&quot;W3siZmVhdHVyZVR5cGUiOiJsYW5kc2NhcGUubWFuX21hZGUiLCJlbGVtZW50VHlwZSI6ImFsbCIsInN0eWxlcnMiOlt7ImNvbG9yIjoiI2ZhZjVlZCJ9LHsibGlnaHRuZXNzIjoiMCJ9LHsiZ2FtbWEiOiIxIn1dfSx7ImZlYXR1cmVUeXBlIjoicG9pLnBhcmsiLCJlbGVtZW50VHlwZSI6Imdlb21ldHJ5LmZpbGwiLCJzdHlsZXJzIjpbeyJjb2xvciI6IiNiYWU1YTYifV19LHsiZmVhdHVyZVR5cGUiOiJyb2FkIiwiZWxlbWVudFR5cGUiOiJhbGwiLCJzdHlsZXJzIjpbeyJ3ZWlnaHQiOiIxLjAwIn0seyJnYW1tYSI6IjEuOCJ9LHsic2F0dXJhdGlvbiI6IjAifV19LHsiZmVhdHVyZVR5cGUiOiJyb2FkIiwiZWxlbWVudFR5cGUiOiJnZW9tZXRyeS5maWxsIiwic3R5bGVycyI6W3siaHVlIjoiI2ZmYjIwMCJ9XX0seyJmZWF0dXJlVHlwZSI6InJvYWQuYXJ0ZXJpYWwiLCJlbGVtZW50VHlwZSI6Imdlb21ldHJ5LmZpbGwiLCJzdHlsZXJzIjpbeyJsaWdodG5lc3MiOiIwIn0seyJnYW1tYSI6IjEifV19LHsiZmVhdHVyZVR5cGUiOiJ0cmFuc2l0LnN0YXRpb24uYWlycG9ydCIsImVsZW1lbnRUeXBlIjoiYWxsIiwic3R5bGVycyI6W3siaHVlIjoiI2IwMDBmZiJ9LHsic2F0dXJhdGlvbiI6IjIzIn0seyJsaWdodG5lc3MiOiItNCJ9LHsiZ2FtbWEiOiIwLjgwIn1dfSx7ImZlYXR1cmVUeXBlIjoid2F0ZXIiLCJlbGVtZW50VHlwZSI6ImFsbCIsInN0eWxlcnMiOlt7ImNvbG9yIjoiI2EwZGFmMiJ9XX1d&quot;,&quot;marker_icon&quot;:&quot;https:\\\/\\\/vnmedia.lv\\\/wp-content\\\/themes\\\/woodmart\\\/inc\\\/admin\\\/assets\\\/images\\\/google-icon.png&quot;,&quot;marker_icon_size&quot;:&quot;&quot;,&quot;elementor&quot;:true,&quot;marker_text_needed&quot;:&quot;no&quot;,&quot;marker_text&quot;:&quot;&lt;h3 style=\\&quot;min-width:300px; text-align:center; margin:15px;\\&quot;&gt;&lt;\\\/h3&gt;&quot;,&quot;selector&quot;:&quot;wd-map-id-69f215914b9a9&quot;,&quot;markers&quot;:null,&quot;center&quot;:&quot;&quot;}'>\n\n\t\t\t\n\t\t\t\n\t\t\t<div class=\"wd-google-map-wrapper wd-map-wrapper wd-fill\">\n\t\t\t\t<div id=\"wd-map-id-69f215914b9a9\" class=\"wd-google-map without-content wd-fill\"><\/div>\n\t\t\t<\/div>\n\n\t\t\t\t\t\t\t<div class=\"wd-google-map-content-wrap wd-map-content-wrap\">\n\t\t\t\t\t<div class=\"wd-google-map-content wd-map-content wd-entry-content\">\n\t\t\t\t\t\t\t\t\t\t\t\t\t\t\t\t<link rel=\"stylesheet\" id=\"elementor-post-4452-css\" href=\"https:\/\/vnmedia.lv\/wp-content\/uploads\/elementor\/css\/post-4452.css?ver=1777467234\" type=\"text\/css\" media=\"all\">\n\t\t\t\t\t<div data-elementor-type=\"wp-post\" data-elementor-id=\"4452\" class=\"elementor elementor-4452\">\n\t\t\t\t<div class=\"wd-negative-gap elementor-element elementor-element-64d2028 e-flex e-con-boxed e-con e-parent\" data-id=\"64d2028\" data-element_type=\"container\" data-e-type=\"container\">\n\t\t\t\t\t<div class=\"e-con-inner\">\n\t\t\t\t<div class=\"elementor-element elementor-element-7489a91 elementor-widget elementor-widget-wd_infobox\" data-id=\"7489a91\" data-element_type=\"widget\" data-e-type=\"widget\" data-widget_type=\"wd_infobox.default\">\n\t\t\t\t<div class=\"elementor-widget-container\">\n\t\t\t\t\t\t\t<div class=\"info-box-wrapper\">\n\t\t\t<div class=\"wd-info-box text-left box-icon-align-left box-style-base color-scheme- wd-items-top\">\n\t\t\t\t\n\t\t\t\t<div class=\"info-box-content\">\n\t\t\t\t\t\t\t\t\t\t\t\n\t\t\t\t\t\t<div class=\"info-box-subtitle subtitle-color-default subtitle-style-default wd-fontsize-xs\"\n\t\t\t\t\t\t\t  data-elementor-setting-key=\"subtitle\">\n\t\t\t\t\t\t\tSAZINIES AR MUMS\t\t\t\t\t\t<\/div>\n\t\t\t\t\t\n\t\t\t\t\t\t\t\t\t\t\t<h4\t\t\t\t\t\tclass=\"info-box-title title box-title-style-default wd-fontsize-m\" data-elementor-setting-key=\"title\">\n\t\t\t\t\t\t\t\tWE'RE BASED IN LATVIA<br \/>\nBUT WE WORK WORLDWIDE\t\t\t\t\t\t<\/h4>\n\t\t\t\t\t\n\t\t\t\t\t<div class=\"info-box-inner reset-last-child\"data-elementor-setting-key=\"content\"><p>Fill out the form below to send us a message!<\/p>\n<p>Or contact us directly:<\/p>\n<p><a href=\"tel:+37127001074\">+371 27001074<\/a><br \/><a href=\"mailto:info@vnmedia.lv\">info@vnmedia.lv<\/a><\/p>\n<\/div>\n\n\t\t\t\t\t\t\t\t\t<\/div>\n\n\t\t\t\t\t\t\t\t\t<a href=\"#kontaktforma\" class=\"wd-info-box-link wd-fill\" aria-label=\"Infobox link\"><\/a>\n\t\t\t\t\t\t\t<\/div>\n\t\t<\/div>\n\t\t\t\t\t\t<\/div>\n\t\t\t\t<\/div>\n\t\t\t\t<div class=\"elementor-element elementor-element-29223f7 elementor-widget elementor-widget-wd_button\" data-id=\"29223f7\" data-element_type=\"widget\" data-e-type=\"widget\" data-widget_type=\"wd_button.default\">\n\t\t\t\t<div class=\"elementor-widget-container\">\n\t\t\t\t\t\t\t<div class=\"wd-button-wrapper text-left wd-smooth-scroll\"  data-smooth-time=\"600\" data-smooth-offset=\"100\">\n\t\t\t<a class=\"btn btn-style-default btn-shape-semi-round btn-size-default btn-color-black btn-icon-pos-right\"  href=\"#kontaktforma\">\n\t\t\t\t<span class=\"wd-btn-text\" data-elementor-setting-key=\"text\">\n\t\t\t\t\tNos\u016bt\u012bt zi\u0146u\t\t\t\t<\/span>\n\n\t\t\t\t\t\t\t<\/a>\n\t\t<\/div>\n\t\t\t\t\t\t<\/div>\n\t\t\t\t<\/div>\n\t\t\t\t\t<\/div>\n\t\t\t\t<\/div>\n\t\t\t\t<\/div>\n\t\t\t\t\t\t\t\t\t\t\t\t\t<\/div>\n\t\t\t\t<\/div>\n\t\t\t\t\t<\/div>\n\t\t\t\t\t\t<\/div>\n\t\t\t\t<\/div>\n\t\t\t\t\t<\/div>\n\t\t\t\t<\/div>\n\t\t<div class=\"wd-negative-gap elementor-element elementor-element-cb322d0 wd-section-stretch e-flex e-con-boxed e-con e-parent\" data-id=\"cb322d0\" data-element_type=\"container\" data-e-type=\"container\" data-settings=\"{&quot;background_background&quot;:&quot;gradient&quot;}\">\n\t\t\t\t\t<div class=\"e-con-inner\">\n\t\t<div class=\"elementor-element elementor-element-1f0abe4 e-con-full e-flex e-con e-child\" data-id=\"1f0abe4\" data-element_type=\"container\" data-e-type=\"container\">\n\t\t\t\t<div class=\"elementor-element elementor-element-071523a wd-width-100 elementor-widget elementor-widget-wd_title\" data-id=\"071523a\" data-element_type=\"widget\" data-e-type=\"widget\" data-widget_type=\"wd_title.default\">\n\t\t\t\t<div class=\"elementor-widget-container\">\n\t\t\t\t\t\t\t<div class=\"title-wrapper wd-set-mb reset-last-child wd-title-color-default wd-title-style-default wd-title-size-default text-left\">\n\n\t\t\t\t\t\t\t\t\t\t\t<div class=\"title-subtitle subtitle-color-default subtitle-style-default wd-fontsize-xs\">\n\t\t\t\t\tLEARN MORE\t\t\t\t<\/div>\n\t\t\t\n\t\t\t<div class=\"liner-continer\">\n\t\t\t\t<h4 class=\"woodmart-title-container title wd-fontsize-l\">FREQUENTLY ASKED QUESTIONS<\/h4> \n\t\t\t\t\t\t\t<\/div>\n\n\t\t\t\t\t<\/div>\n\t\t\t\t\t\t<\/div>\n\t\t\t\t<\/div>\n\t\t\t\t<div class=\"elementor-element elementor-element-b1bfe23 elementor-widget elementor-widget-wd_accordion\" data-id=\"b1bfe23\" data-element_type=\"widget\" data-e-type=\"widget\" data-widget_type=\"wd_accordion.default\">\n\t\t\t\t<div class=\"elementor-widget-container\">\n\t\t\t\t\t\n\t\t<div class=\"wd-accordion wd-style-default wd-border-off wd-titles-left wd-opener-pos-right wd-opener-style-arrow\" data-state=\"first\">\n\t\t\t\t\t\t\t\n\t\t\t\t<div class=\"wd-accordion-item\">\n\t\t\t\t\t<div class=\"wd-accordion-title wd-active\" data-accordion-index=\"0\">\n\t\t\t\t\t\t<div class=\"wd-accordion-title-text color-scheme-light\">\n\t\t\t\t\t\t\t\t\t\t\t\t\t\t<span>\n\t\t\t\t\t\t\t\tHow much does a website cost?\t\t\t\t\t\t\t<\/span>\n\t\t\t\t\t\t<\/div>\n\t\t\t\t\t\t<span class=\"wd-accordion-opener\"><\/span>\n\t\t\t\t\t<\/div>\n\n\t\t\t\t\t<div class=\"wd-accordion-content wd-entry-content wd-active color-scheme-light\" data-accordion-index=\"0\">\n\t\t\t\t\t\t\t\t\t\t\t\t\t\n\t\t\t\t\t\t\t<p>This is the most frequent, but also the most difficult question about website development. There are many factors that determine the price of development, so we have created a website price calculator available by clicking the button below. The calculator calculates the most accurate price, but there can always be individual wishes that change the price. To find out the exact price, send us a request for an exact quote!<br \/><a href=\"\/en\/majas-lapas-izstrades-cenas-kalkulators\/\"><br \/><button>Try the calculator<\/button><br \/><\/a><\/p>\n\t\t\t\t\t\t\t\t\t\t\t\t\t\t\t\t\t\t<\/div>\n\t\t\t\t<\/div>\n\t\t\t\t\t\t\t\n\t\t\t\t<div class=\"wd-accordion-item\">\n\t\t\t\t\t<div class=\"wd-accordion-title\" data-accordion-index=\"1\">\n\t\t\t\t\t\t<div class=\"wd-accordion-title-text color-scheme-light\">\n\t\t\t\t\t\t\t\t\t\t\t\t\t\t<span>\n\t\t\t\t\t\t\t\tHow long does it take?\t\t\t\t\t\t\t<\/span>\n\t\t\t\t\t\t<\/div>\n\t\t\t\t\t\t<span class=\"wd-accordion-opener\"><\/span>\n\t\t\t\t\t<\/div>\n\n\t\t\t\t\t<div class=\"wd-accordion-content wd-entry-content color-scheme-light\" data-accordion-index=\"1\">\n\t\t\t\t\t\t\t\t\t\t\t\t\t\n\t\t\t\t\t\t\t<p>The average development time for a website or online store is 2-4 weeks. Often this depends on the client and the amount of content that needs to be created. After the first meeting, we can determine the exact development period!<\/p>\n\t\t\t\t\t\t\t\t\t\t\t\t\t\t\t\t\t\t<\/div>\n\t\t\t\t<\/div>\n\t\t\t\t\t\t\t\n\t\t\t\t<div class=\"wd-accordion-item\">\n\t\t\t\t\t<div class=\"wd-accordion-title\" data-accordion-index=\"2\">\n\t\t\t\t\t\t<div class=\"wd-accordion-title-text color-scheme-light\">\n\t\t\t\t\t\t\t\t\t\t\t\t\t\t<span>\n\t\t\t\t\t\t\t\tCan i edit the website myself?\t\t\t\t\t\t\t<\/span>\n\t\t\t\t\t\t<\/div>\n\t\t\t\t\t\t<span class=\"wd-accordion-opener\"><\/span>\n\t\t\t\t\t<\/div>\n\n\t\t\t\t\t<div class=\"wd-accordion-content wd-entry-content color-scheme-light\" data-accordion-index=\"2\">\n\t\t\t\t\t\t\t\t\t\t\t\t\t\n\t\t\t\t\t\t\t<p>Yes! After the project is completed, video instructions will be sent to you so that you can work on your new website yourself. If you don't want to do it yourself, we also provide maintenance services.<\/p>\n\t\t\t\t\t\t\t\t\t\t\t\t\t\t\t\t\t\t<\/div>\n\t\t\t\t<\/div>\n\t\t\t\t\t<\/div>\n\t\t\t\t\t\t<\/div>\n\t\t\t\t<\/div>\n\t\t\t\t<div class=\"elementor-element elementor-element-47803b7 elementor-widget elementor-widget-heading\" data-id=\"47803b7\" data-element_type=\"widget\" data-e-type=\"widget\" data-widget_type=\"heading.default\">\n\t\t\t\t<div class=\"elementor-widget-container\">\n\t\t\t\t\t<h1 class=\"elementor-heading-title elementor-size-default\">Contact us<\/h1>\t\t\t\t<\/div>\n\t\t\t\t<\/div>\n\t\t\t\t<\/div>\n\t\t<div class=\"elementor-element elementor-element-789122a e-con-full e-flex e-con e-child\" data-id=\"789122a\" data-element_type=\"container\" data-e-type=\"container\">\n\t\t\t\t<div class=\"elementor-element elementor-element-0fc5d37 elementor-widget elementor-widget-menu-anchor\" data-id=\"0fc5d37\" data-element_type=\"widget\" data-e-type=\"widget\" data-widget_type=\"menu-anchor.default\">\n\t\t\t\t<div class=\"elementor-widget-container\">\n\t\t\t\t\t\t\t<div class=\"elementor-menu-anchor\" id=\"kontaktforma\"><\/div>\n\t\t\t\t\t\t<\/div>\n\t\t\t\t<\/div>\n\t\t\t\t<div class=\"elementor-element elementor-element-775ddc4 wd-width-100 elementor-widget elementor-widget-wd_title\" data-id=\"775ddc4\" data-element_type=\"widget\" data-e-type=\"widget\" data-widget_type=\"wd_title.default\">\n\t\t\t\t<div class=\"elementor-widget-container\">\n\t\t\t\t\t\t\t<div class=\"title-wrapper wd-set-mb reset-last-child wd-title-color-default wd-title-style-default wd-title-size-default text-left\">\n\n\t\t\t\t\t\t\t\t\t\t\t<div class=\"title-subtitle subtitle-color-default subtitle-style-default wd-fontsize-xs\">\n\t\t\t\t\tGOT A QUESTION?\t\t\t\t<\/div>\n\t\t\t\n\t\t\t<div class=\"liner-continer\">\n\t\t\t\t<h4 class=\"woodmart-title-container title wd-fontsize-l\">SEND US A MESSAGE<\/h4> \n\t\t\t\t\t\t\t<\/div>\n\n\t\t\t\t\t<\/div>\n\t\t\t\t\t\t<\/div>\n\t\t\t\t<\/div>\n\t\t\t\t<div class=\"elementor-element elementor-element-0a621f8 elementor-button-align-stretch elementor-widget elementor-widget-form\" data-id=\"0a621f8\" data-element_type=\"widget\" data-e-type=\"widget\" data-settings=\"{&quot;step_next_label&quot;:&quot;Next&quot;,&quot;step_previous_label&quot;:&quot;Previous&quot;,&quot;button_width&quot;:&quot;100&quot;,&quot;step_type&quot;:&quot;number_text&quot;,&quot;step_icon_shape&quot;:&quot;circle&quot;}\" data-widget_type=\"form.default\">\n\t\t\t\t<div class=\"elementor-widget-container\">\n\t\t\t\t\t\t\t<form class=\"elementor-form\" method=\"post\" name=\"New Form\" action=\"\">\n\t\t\t<input type=\"hidden\" name=\"post_id\" value=\"4439\"\/>\n\t\t\t<input type=\"hidden\" name=\"form_id\" value=\"0a621f8\"\/>\n\t\t\t<input type=\"hidden\" name=\"referer_title\" value=\"VN Media\" \/>\n\n\t\t\t\n\t\t\t<div class=\"elementor-form-fields-wrapper elementor-labels-\">\n\t\t\t\t\t\t\t\t<div class=\"elementor-field-type-text elementor-field-group elementor-column elementor-field-group-name elementor-col-100\">\n\t\t\t\t\t\t\t\t\t\t\t\t<label for=\"form-field-name\" class=\"elementor-field-label elementor-screen-only\">\n\t\t\t\t\t\t\t\tV\u0101rds\t\t\t\t\t\t\t<\/label>\n\t\t\t\t\t\t\t\t\t\t\t\t\t\t<input size=\"1\" type=\"text\" name=\"form_fields[name]\" id=\"form-field-name\" class=\"elementor-field elementor-size-sm  elementor-field-textual\" placeholder=\"Your name\">\n\t\t\t\t\t\t\t\t\t\t\t<\/div>\n\t\t\t\t\t\t\t\t<div class=\"elementor-field-type-email elementor-field-group elementor-column elementor-field-group-email elementor-col-100 elementor-field-required\">\n\t\t\t\t\t\t\t\t\t\t\t\t<label for=\"form-field-email\" class=\"elementor-field-label elementor-screen-only\">\n\t\t\t\t\t\t\t\tE-mail\t\t\t\t\t\t\t<\/label>\n\t\t\t\t\t\t\t\t\t\t\t\t\t\t<input size=\"1\" type=\"email\" name=\"form_fields[email]\" id=\"form-field-email\" class=\"elementor-field elementor-size-sm  elementor-field-textual\" placeholder=\"E-mail\" required=\"required\" aria-required=\"true\">\n\t\t\t\t\t\t\t\t\t\t\t<\/div>\n\t\t\t\t\t\t\t\t<div class=\"elementor-field-type-tel elementor-field-group elementor-column elementor-field-group-field_69cc598 elementor-col-100 elementor-field-required\">\n\t\t\t\t\t\t\t\t\t\t\t\t<label for=\"form-field-field_69cc598\" class=\"elementor-field-label elementor-screen-only\">\n\t\t\t\t\t\t\t\tPhone\t\t\t\t\t\t\t<\/label>\n\t\t\t\t\t\t\t\t<input size=\"1\" type=\"tel\" name=\"form_fields[field_69cc598]\" id=\"form-field-field_69cc598\" class=\"elementor-field elementor-size-sm  elementor-field-textual\" placeholder=\"Phone\" required=\"required\" aria-required=\"true\" pattern=\"[0-9()#&amp;+*-=.]+\" title=\"Only numbers and phone characters (#, -, *, etc) are accepted.\">\n\n\t\t\t\t\t\t<\/div>\n\t\t\t\t\t\t\t\t<div class=\"elementor-field-type-textarea elementor-field-group elementor-column elementor-field-group-message elementor-col-100\">\n\t\t\t\t\t\t\t\t\t\t\t\t<label for=\"form-field-message\" class=\"elementor-field-label elementor-screen-only\">\n\t\t\t\t\t\t\t\tZi\u0146a\t\t\t\t\t\t\t<\/label>\n\t\t\t\t\t\t<textarea class=\"elementor-field-textual elementor-field  elementor-size-sm\" name=\"form_fields[message]\" id=\"form-field-message\" rows=\"4\" placeholder=\"Questions, project description, etc.\"><\/textarea>\t\t\t\t<\/div>\n\t\t\t\t\t\t\t\t<div class=\"elementor-field-group elementor-column elementor-field-type-submit elementor-col-100 e-form__buttons\">\n\t\t\t\t\t<button type=\"submit\" class=\"elementor-button elementor-size-sm\">\n\t\t\t\t\t\t<span >\n\t\t\t\t\t\t\t\t\t\t\t\t\t\t\t<span class=\"elementor-button-icon\">\n\t\t\t\t\t\t\t\t\t\t\t\t\t\t\t\t\t\t\t\t\t\t\t\t\t\t<\/span>\n\t\t\t\t\t\t\t\t\t\t\t\t\t\t\t\t\t\t\t\t\t\t<span class=\"elementor-button-text\">Send<\/span>\n\t\t\t\t\t\t\t\t\t\t\t\t\t<\/span>\n\t\t\t\t\t<\/button>\n\t\t\t\t<\/div>\n\t\t\t<\/div>\n\t\t<input type=\"hidden\" name=\"trp-form-language\" value=\"en\"\/><\/form>\n\t\t\t\t\t\t<\/div>\n\t\t\t\t<\/div>\n\t\t\t\t<\/div>\n\t\t\t\t\t<\/div>\n\t\t\t\t<\/div>\n\t\t\t\t<\/div>","protected":false},"excerpt":{"rendered":"<p>&#8220;,&#8221;selector&#8221;:&#8221;wd-map-id-67067f058b88e&#8221;,&#8221;markers&#8221;:null,&#8221;center&#8221;:&#8221;&#8221;}&#8217;> SAZINIES AR MUMS M\u0112S STR\u0100DAJAM VIS\u0100 LATVIJ\u0100 UN \u0100RPUS T\u0100S Aizpildi pieteikuma formu, lai nos\u016bt\u012btu mums zi\u0146u! Vai sazinies<\/p>","protected":false},"author":1,"featured_media":0,"parent":0,"menu_order":0,"comment_status":"closed","ping_status":"closed","template":"","meta":{"footnotes":""},"class_list":["post-4439","page","type-page","status-publish","hentry"],"yoast_head":"<!-- This site is optimized with the Yoast SEO plugin v27.4 - https:\/\/yoast.com\/product\/yoast-seo-wordpress\/ -->\n<title>Kontakti - VN Media<\/title>\n<meta name=\"description\" content=\"Padom\u0101 projekts vai vienk\u0101r\u0161i v\u0113lies uzdot jaut\u0101jumu? \u0160eit atrad\u012bsi visu nepiecie\u0161amo inform\u0101ciju, lai sazin\u0101tos ar mums!\" \/>\n<meta name=\"robots\" content=\"index, follow, max-snippet:-1, max-image-preview:large, max-video-preview:-1\" \/>\n<link rel=\"canonical\" href=\"https:\/\/vnmedia.lv\/en\/kontakti\/\" \/>\n<meta property=\"og:locale\" content=\"en_US\" \/>\n<meta property=\"og:type\" content=\"article\" \/>\n<meta property=\"og:title\" content=\"Kontakti - VN Media\" \/>\n<meta property=\"og:description\" content=\"Padom\u0101 projekts vai vienk\u0101r\u0161i v\u0113lies uzdot jaut\u0101jumu? \u0160eit atrad\u012bsi visu nepiecie\u0161amo inform\u0101ciju, lai sazin\u0101tos ar mums!\" \/>\n<meta property=\"og:url\" content=\"https:\/\/vnmedia.lv\/en\/kontakti\/\" \/>\n<meta property=\"og:site_name\" content=\"VN Media\" \/>\n<meta property=\"article:publisher\" content=\"https:\/\/www.facebook.com\/vn.media.agency\" \/>\n<meta property=\"article:modified_time\" content=\"2024-10-09T13:03:01+00:00\" \/>\n<meta name=\"twitter:card\" content=\"summary_large_image\" \/>\n<meta name=\"twitter:label1\" content=\"Est. reading time\" \/>\n\t<meta name=\"twitter:data1\" content=\"11 minutes\" \/>\n<script type=\"application\/ld+json\" class=\"yoast-schema-graph\">{\"@context\":\"https:\\\/\\\/schema.org\",\"@graph\":[{\"@type\":\"WebPage\",\"@id\":\"https:\\\/\\\/vnmedia.lv\\\/kontakti\\\/\",\"url\":\"https:\\\/\\\/vnmedia.lv\\\/kontakti\\\/\",\"name\":\"Kontakti - VN Media\",\"isPartOf\":{\"@id\":\"https:\\\/\\\/vnmedia.lv\\\/#website\"},\"datePublished\":\"2021-10-12T16:27:24+00:00\",\"dateModified\":\"2024-10-09T13:03:01+00:00\",\"description\":\"Padom\u0101 projekts vai vienk\u0101r\u0161i v\u0113lies uzdot jaut\u0101jumu? \u0160eit atrad\u012bsi visu nepiecie\u0161amo inform\u0101ciju, lai sazin\u0101tos ar mums!\",\"breadcrumb\":{\"@id\":\"https:\\\/\\\/vnmedia.lv\\\/kontakti\\\/#breadcrumb\"},\"inLanguage\":\"en-US\",\"potentialAction\":[{\"@type\":\"ReadAction\",\"target\":[\"https:\\\/\\\/vnmedia.lv\\\/kontakti\\\/\"]}]},{\"@type\":\"BreadcrumbList\",\"@id\":\"https:\\\/\\\/vnmedia.lv\\\/kontakti\\\/#breadcrumb\",\"itemListElement\":[{\"@type\":\"ListItem\",\"position\":1,\"name\":\"Home\",\"item\":\"https:\\\/\\\/vnmedia.lv\\\/\"},{\"@type\":\"ListItem\",\"position\":2,\"name\":\"Kontakti\"}]},{\"@type\":\"WebSite\",\"@id\":\"https:\\\/\\\/vnmedia.lv\\\/#website\",\"url\":\"https:\\\/\\\/vnmedia.lv\\\/\",\"name\":\"VN Media\",\"description\":\"M\u0101jaslapu un internetveikalu izstr\u0101de, SEO optimiz\u0101cija, u.c.\",\"publisher\":{\"@id\":\"https:\\\/\\\/vnmedia.lv\\\/#organization\"},\"potentialAction\":[{\"@type\":\"SearchAction\",\"target\":{\"@type\":\"EntryPoint\",\"urlTemplate\":\"https:\\\/\\\/vnmedia.lv\\\/?s={search_term_string}\"},\"query-input\":{\"@type\":\"PropertyValueSpecification\",\"valueRequired\":true,\"valueName\":\"search_term_string\"}}],\"inLanguage\":\"en-US\"},{\"@type\":\"Organization\",\"@id\":\"https:\\\/\\\/vnmedia.lv\\\/#organization\",\"name\":\"VN Media\",\"url\":\"https:\\\/\\\/vnmedia.lv\\\/\",\"logo\":{\"@type\":\"ImageObject\",\"inLanguage\":\"en-US\",\"@id\":\"https:\\\/\\\/vnmedia.lv\\\/#\\\/schema\\\/logo\\\/image\\\/\",\"url\":\"https:\\\/\\\/vnmedia.lv\\\/wp-content\\\/uploads\\\/2024\\\/10\\\/455652275_425290517191292_4126078033932216565_n-e1728044316441.png\",\"contentUrl\":\"https:\\\/\\\/vnmedia.lv\\\/wp-content\\\/uploads\\\/2024\\\/10\\\/455652275_425290517191292_4126078033932216565_n-e1728044316441.png\",\"width\":1276,\"height\":380,\"caption\":\"VN Media\"},\"image\":{\"@id\":\"https:\\\/\\\/vnmedia.lv\\\/#\\\/schema\\\/logo\\\/image\\\/\"},\"sameAs\":[\"https:\\\/\\\/www.facebook.com\\\/vn.media.agency\"]}]}<\/script>\n<!-- \/ Yoast SEO plugin. -->","yoast_head_json":{"title":"Kontakti - VN Media","description":"Padom\u0101 projekts vai vienk\u0101r\u0161i v\u0113lies uzdot jaut\u0101jumu? \u0160eit atrad\u012bsi visu nepiecie\u0161amo inform\u0101ciju, lai sazin\u0101tos ar mums!","robots":{"index":"index","follow":"follow","max-snippet":"max-snippet:-1","max-image-preview":"max-image-preview:large","max-video-preview":"max-video-preview:-1"},"canonical":"https:\/\/vnmedia.lv\/en\/kontakti\/","og_locale":"en_US","og_type":"article","og_title":"Kontakti - VN Media","og_description":"Padom\u0101 projekts vai vienk\u0101r\u0161i v\u0113lies uzdot jaut\u0101jumu? \u0160eit atrad\u012bsi visu nepiecie\u0161amo inform\u0101ciju, lai sazin\u0101tos ar mums!","og_url":"https:\/\/vnmedia.lv\/en\/kontakti\/","og_site_name":"VN Media","article_publisher":"https:\/\/www.facebook.com\/vn.media.agency","article_modified_time":"2024-10-09T13:03:01+00:00","twitter_card":"summary_large_image","twitter_misc":{"Est. reading time":"11 minutes"},"schema":{"@context":"https:\/\/schema.org","@graph":[{"@type":"WebPage","@id":"https:\/\/vnmedia.lv\/kontakti\/","url":"https:\/\/vnmedia.lv\/kontakti\/","name":"Kontakti - VN Media","isPartOf":{"@id":"https:\/\/vnmedia.lv\/#website"},"datePublished":"2021-10-12T16:27:24+00:00","dateModified":"2024-10-09T13:03:01+00:00","description":"Padom\u0101 projekts vai vienk\u0101r\u0161i v\u0113lies uzdot jaut\u0101jumu? \u0160eit atrad\u012bsi visu nepiecie\u0161amo inform\u0101ciju, lai sazin\u0101tos ar mums!","breadcrumb":{"@id":"https:\/\/vnmedia.lv\/kontakti\/#breadcrumb"},"inLanguage":"en-US","potentialAction":[{"@type":"ReadAction","target":["https:\/\/vnmedia.lv\/kontakti\/"]}]},{"@type":"BreadcrumbList","@id":"https:\/\/vnmedia.lv\/kontakti\/#breadcrumb","itemListElement":[{"@type":"ListItem","position":1,"name":"Home","item":"https:\/\/vnmedia.lv\/"},{"@type":"ListItem","position":2,"name":"Kontakti"}]},{"@type":"WebSite","@id":"https:\/\/vnmedia.lv\/#website","url":"https:\/\/vnmedia.lv\/","name":"VN Media","description":"M\u0101jaslapu un internetveikalu izstr\u0101de, SEO optimiz\u0101cija, u.c.","publisher":{"@id":"https:\/\/vnmedia.lv\/#organization"},"potentialAction":[{"@type":"SearchAction","target":{"@type":"EntryPoint","urlTemplate":"https:\/\/vnmedia.lv\/?s={search_term_string}"},"query-input":{"@type":"PropertyValueSpecification","valueRequired":true,"valueName":"search_term_string"}}],"inLanguage":"en-US"},{"@type":"Organization","@id":"https:\/\/vnmedia.lv\/#organization","name":"VN Media","url":"https:\/\/vnmedia.lv\/","logo":{"@type":"ImageObject","inLanguage":"en-US","@id":"https:\/\/vnmedia.lv\/#\/schema\/logo\/image\/","url":"https:\/\/vnmedia.lv\/wp-content\/uploads\/2024\/10\/455652275_425290517191292_4126078033932216565_n-e1728044316441.png","contentUrl":"https:\/\/vnmedia.lv\/wp-content\/uploads\/2024\/10\/455652275_425290517191292_4126078033932216565_n-e1728044316441.png","width":1276,"height":380,"caption":"VN Media"},"image":{"@id":"https:\/\/vnmedia.lv\/#\/schema\/logo\/image\/"},"sameAs":["https:\/\/www.facebook.com\/vn.media.agency"]}]}},"_links":{"self":[{"href":"https:\/\/vnmedia.lv\/en\/wp-json\/wp\/v2\/pages\/4439","targetHints":{"allow":["GET"]}}],"collection":[{"href":"https:\/\/vnmedia.lv\/en\/wp-json\/wp\/v2\/pages"}],"about":[{"href":"https:\/\/vnmedia.lv\/en\/wp-json\/wp\/v2\/types\/page"}],"author":[{"embeddable":true,"href":"https:\/\/vnmedia.lv\/en\/wp-json\/wp\/v2\/users\/1"}],"replies":[{"embeddable":true,"href":"https:\/\/vnmedia.lv\/en\/wp-json\/wp\/v2\/comments?post=4439"}],"version-history":[{"count":53,"href":"https:\/\/vnmedia.lv\/en\/wp-json\/wp\/v2\/pages\/4439\/revisions"}],"predecessor-version":[{"id":24482,"href":"https:\/\/vnmedia.lv\/en\/wp-json\/wp\/v2\/pages\/4439\/revisions\/24482"}],"wp:attachment":[{"href":"https:\/\/vnmedia.lv\/en\/wp-json\/wp\/v2\/media?parent=4439"}],"curies":[{"name":"wp","href":"https:\/\/api.w.org\/{rel}","templated":true}]}}