{"id":24621,"date":"2024-10-11T14:41:49","date_gmt":"2024-10-11T11:41:49","guid":{"rendered":"https:\/\/vnmedia.lv\/?page_id=24621"},"modified":"2025-01-09T17:21:25","modified_gmt":"2025-01-09T14:21:25","slug":"pieteikums-sanemts","status":"publish","type":"page","link":"https:\/\/vnmedia.lv\/en\/pieteikums-sanemts\/","title":{"rendered":"Pieteikums sa\u0146emts"},"content":{"rendered":"<div data-elementor-type=\"wp-page\" data-elementor-id=\"24621\" class=\"elementor elementor-24621\">\n\t\t\t\t<div class=\"wd-negative-gap elementor-element elementor-element-2fa2ca6 wd-section-stretch-content e-flex e-con-boxed e-con e-parent\" data-id=\"2fa2ca6\" data-element_type=\"container\" data-e-type=\"container\" data-settings=\"{&quot;background_background&quot;:&quot;gradient&quot;}\">\n\t\t\t\t\t<div class=\"e-con-inner\">\n\t\t\t\t<div class=\"elementor-element elementor-element-9dd1e07 elementor-widget elementor-widget-heading\" data-id=\"9dd1e07\" data-element_type=\"widget\" data-e-type=\"widget\" data-widget_type=\"heading.default\">\n\t\t\t\t<div class=\"elementor-widget-container\">\n\t\t\t\t\t<h2 class=\"elementor-heading-title elementor-size-default\">Paldies! Tavs pieteikums ir sa\u0146emts.<\/h2>\t\t\t\t<\/div>\n\t\t\t\t<\/div>\n\t\t\t\t<div class=\"elementor-element elementor-element-5085dc4 color-scheme-light text-left elementor-widget elementor-widget-text-editor\" data-id=\"5085dc4\" data-element_type=\"widget\" data-e-type=\"widget\" data-widget_type=\"text-editor.default\">\n\t\t\t\t<div class=\"elementor-widget-container\">\n\t\t\t\t\t\t\t\t\t<p>24 stundu laik\u0101, jeb n\u0101kamaj\u0101 darba dien\u0101 nos\u016bt\u012bsim Tev individu\u0101lu cenas pied\u0101v\u0101jumu!<\/p><p>Nor\u0101d\u012btaj\u0101 e-past\u0101 atrad\u012bsi \u0161\u012b pieteikuma p\u0101rskatu.<\/p>\t\t\t\t\t\t\t\t<\/div>\n\t\t\t\t<\/div>\n\t\t\t\t<div class=\"elementor-element elementor-element-6800406 elementor-widget elementor-widget-wd_button\" data-id=\"6800406\" data-element_type=\"widget\" data-e-type=\"widget\" data-widget_type=\"wd_button.default\">\n\t\t\t\t<div class=\"elementor-widget-container\">\n\t\t\t\t\t\t\t<div class=\"wd-button-wrapper text-center\" >\n\t\t\t<a class=\"btn btn-style-default btn-shape-rectangle btn-size-default btn-icon-pos-right\"  href=\"\/en\/\">\n\t\t\t\t<span class=\"wd-btn-text\" data-elementor-setting-key=\"text\">\n\t\t\t\t\tuz s\u0101kumu\t\t\t\t<\/span>\n\n\t\t\t\t\t\t\t<\/a>\n\t\t<\/div>\n\t\t\t\t\t\t<\/div>\n\t\t\t\t<\/div>\n\t\t\t\t\t<\/div>\n\t\t\t\t<\/div>\n\t\t\t\t<\/div>","protected":false},"excerpt":{"rendered":"<p>Paldies! Tavs pieteikums ir sa\u0146emts. 24 stundu laik\u0101, jeb n\u0101kamaj\u0101 darba dien\u0101 nos\u016bt\u012bsim Tev individu\u0101lu cenas pied\u0101v\u0101jumu! Nor\u0101d\u012btaj\u0101 e-past\u0101 atrad\u012bsi<\/p>","protected":false},"author":1,"featured_media":0,"parent":0,"menu_order":0,"comment_status":"closed","ping_status":"closed","template":"","meta":{"footnotes":""},"class_list":["post-24621","page","type-page","status-publish","hentry"],"yoast_head":"<!-- This site is optimized with the Yoast SEO plugin v27.4 - https:\/\/yoast.com\/product\/yoast-seo-wordpress\/ -->\n<title>Pieteikums sa\u0146emts - VN Media<\/title>\n<meta name=\"robots\" content=\"noindex, follow\" \/>\n<meta property=\"og:locale\" content=\"en_US\" \/>\n<meta property=\"og:type\" content=\"article\" \/>\n<meta property=\"og:title\" content=\"Pieteikums sa\u0146emts - VN Media\" \/>\n<meta property=\"og:description\" content=\"Paldies! Tavs pieteikums ir sa\u0146emts. 24 stundu laik\u0101, jeb n\u0101kamaj\u0101 darba dien\u0101 nos\u016bt\u012bsim Tev individu\u0101lu cenas pied\u0101v\u0101jumu! Nor\u0101d\u012btaj\u0101 e-past\u0101 atrad\u012bsi\" \/>\n<meta property=\"og:url\" content=\"https:\/\/vnmedia.lv\/en\/pieteikums-sanemts\/\" \/>\n<meta property=\"og:site_name\" content=\"VN Media\" \/>\n<meta property=\"article:publisher\" content=\"https:\/\/www.facebook.com\/vn.media.agency\" \/>\n<meta property=\"article:modified_time\" content=\"2025-01-09T14:21:25+00:00\" \/>\n<meta name=\"twitter:card\" content=\"summary_large_image\" \/>\n<meta name=\"twitter:label1\" content=\"Est. reading time\" \/>\n\t<meta name=\"twitter:data1\" content=\"1 minute\" \/>\n<script type=\"application\/ld+json\" class=\"yoast-schema-graph\">{\"@context\":\"https:\\\/\\\/schema.org\",\"@graph\":[{\"@type\":\"WebPage\",\"@id\":\"https:\\\/\\\/vnmedia.lv\\\/pieteikums-sanemts\\\/\",\"url\":\"https:\\\/\\\/vnmedia.lv\\\/pieteikums-sanemts\\\/\",\"name\":\"Pieteikums sa\u0146emts - VN Media\",\"isPartOf\":{\"@id\":\"https:\\\/\\\/vnmedia.lv\\\/#website\"},\"datePublished\":\"2024-10-11T11:41:49+00:00\",\"dateModified\":\"2025-01-09T14:21:25+00:00\",\"breadcrumb\":{\"@id\":\"https:\\\/\\\/vnmedia.lv\\\/pieteikums-sanemts\\\/#breadcrumb\"},\"inLanguage\":\"en-US\",\"potentialAction\":[{\"@type\":\"ReadAction\",\"target\":[\"https:\\\/\\\/vnmedia.lv\\\/pieteikums-sanemts\\\/\"]}]},{\"@type\":\"BreadcrumbList\",\"@id\":\"https:\\\/\\\/vnmedia.lv\\\/pieteikums-sanemts\\\/#breadcrumb\",\"itemListElement\":[{\"@type\":\"ListItem\",\"position\":1,\"name\":\"Home\",\"item\":\"https:\\\/\\\/vnmedia.lv\\\/\"},{\"@type\":\"ListItem\",\"position\":2,\"name\":\"Pieteikums sa\u0146emts\"}]},{\"@type\":\"WebSite\",\"@id\":\"https:\\\/\\\/vnmedia.lv\\\/#website\",\"url\":\"https:\\\/\\\/vnmedia.lv\\\/\",\"name\":\"VN Media\",\"description\":\"M\u0101jaslapu un internetveikalu izstr\u0101de, SEO optimiz\u0101cija, u.c.\",\"publisher\":{\"@id\":\"https:\\\/\\\/vnmedia.lv\\\/#organization\"},\"potentialAction\":[{\"@type\":\"SearchAction\",\"target\":{\"@type\":\"EntryPoint\",\"urlTemplate\":\"https:\\\/\\\/vnmedia.lv\\\/?s={search_term_string}\"},\"query-input\":{\"@type\":\"PropertyValueSpecification\",\"valueRequired\":true,\"valueName\":\"search_term_string\"}}],\"inLanguage\":\"en-US\"},{\"@type\":\"Organization\",\"@id\":\"https:\\\/\\\/vnmedia.lv\\\/#organization\",\"name\":\"VN Media\",\"url\":\"https:\\\/\\\/vnmedia.lv\\\/\",\"logo\":{\"@type\":\"ImageObject\",\"inLanguage\":\"en-US\",\"@id\":\"https:\\\/\\\/vnmedia.lv\\\/#\\\/schema\\\/logo\\\/image\\\/\",\"url\":\"https:\\\/\\\/vnmedia.lv\\\/wp-content\\\/uploads\\\/2024\\\/10\\\/455652275_425290517191292_4126078033932216565_n-e1728044316441.png\",\"contentUrl\":\"https:\\\/\\\/vnmedia.lv\\\/wp-content\\\/uploads\\\/2024\\\/10\\\/455652275_425290517191292_4126078033932216565_n-e1728044316441.png\",\"width\":1276,\"height\":380,\"caption\":\"VN Media\"},\"image\":{\"@id\":\"https:\\\/\\\/vnmedia.lv\\\/#\\\/schema\\\/logo\\\/image\\\/\"},\"sameAs\":[\"https:\\\/\\\/www.facebook.com\\\/vn.media.agency\"]}]}<\/script>\n<!-- \/ Yoast SEO plugin. -->","yoast_head_json":{"title":"Pieteikums sa\u0146emts - VN Media","robots":{"index":"noindex","follow":"follow"},"og_locale":"en_US","og_type":"article","og_title":"Pieteikums sa\u0146emts - VN Media","og_description":"Paldies! Tavs pieteikums ir sa\u0146emts. 24 stundu laik\u0101, jeb n\u0101kamaj\u0101 darba dien\u0101 nos\u016bt\u012bsim Tev individu\u0101lu cenas pied\u0101v\u0101jumu! Nor\u0101d\u012btaj\u0101 e-past\u0101 atrad\u012bsi","og_url":"https:\/\/vnmedia.lv\/en\/pieteikums-sanemts\/","og_site_name":"VN Media","article_publisher":"https:\/\/www.facebook.com\/vn.media.agency","article_modified_time":"2025-01-09T14:21:25+00:00","twitter_card":"summary_large_image","twitter_misc":{"Est. reading time":"1 minute"},"schema":{"@context":"https:\/\/schema.org","@graph":[{"@type":"WebPage","@id":"https:\/\/vnmedia.lv\/pieteikums-sanemts\/","url":"https:\/\/vnmedia.lv\/pieteikums-sanemts\/","name":"Pieteikums sa\u0146emts - VN Media","isPartOf":{"@id":"https:\/\/vnmedia.lv\/#website"},"datePublished":"2024-10-11T11:41:49+00:00","dateModified":"2025-01-09T14:21:25+00:00","breadcrumb":{"@id":"https:\/\/vnmedia.lv\/pieteikums-sanemts\/#breadcrumb"},"inLanguage":"en-US","potentialAction":[{"@type":"ReadAction","target":["https:\/\/vnmedia.lv\/pieteikums-sanemts\/"]}]},{"@type":"BreadcrumbList","@id":"https:\/\/vnmedia.lv\/pieteikums-sanemts\/#breadcrumb","itemListElement":[{"@type":"ListItem","position":1,"name":"Home","item":"https:\/\/vnmedia.lv\/"},{"@type":"ListItem","position":2,"name":"Pieteikums sa\u0146emts"}]},{"@type":"WebSite","@id":"https:\/\/vnmedia.lv\/#website","url":"https:\/\/vnmedia.lv\/","name":"VN Media","description":"M\u0101jaslapu un internetveikalu izstr\u0101de, SEO optimiz\u0101cija, u.c.","publisher":{"@id":"https:\/\/vnmedia.lv\/#organization"},"potentialAction":[{"@type":"SearchAction","target":{"@type":"EntryPoint","urlTemplate":"https:\/\/vnmedia.lv\/?s={search_term_string}"},"query-input":{"@type":"PropertyValueSpecification","valueRequired":true,"valueName":"search_term_string"}}],"inLanguage":"en-US"},{"@type":"Organization","@id":"https:\/\/vnmedia.lv\/#organization","name":"VN Media","url":"https:\/\/vnmedia.lv\/","logo":{"@type":"ImageObject","inLanguage":"en-US","@id":"https:\/\/vnmedia.lv\/#\/schema\/logo\/image\/","url":"https:\/\/vnmedia.lv\/wp-content\/uploads\/2024\/10\/455652275_425290517191292_4126078033932216565_n-e1728044316441.png","contentUrl":"https:\/\/vnmedia.lv\/wp-content\/uploads\/2024\/10\/455652275_425290517191292_4126078033932216565_n-e1728044316441.png","width":1276,"height":380,"caption":"VN Media"},"image":{"@id":"https:\/\/vnmedia.lv\/#\/schema\/logo\/image\/"},"sameAs":["https:\/\/www.facebook.com\/vn.media.agency"]}]}},"_links":{"self":[{"href":"https:\/\/vnmedia.lv\/en\/wp-json\/wp\/v2\/pages\/24621","targetHints":{"allow":["GET"]}}],"collection":[{"href":"https:\/\/vnmedia.lv\/en\/wp-json\/wp\/v2\/pages"}],"about":[{"href":"https:\/\/vnmedia.lv\/en\/wp-json\/wp\/v2\/types\/page"}],"author":[{"embeddable":true,"href":"https:\/\/vnmedia.lv\/en\/wp-json\/wp\/v2\/users\/1"}],"replies":[{"embeddable":true,"href":"https:\/\/vnmedia.lv\/en\/wp-json\/wp\/v2\/comments?post=24621"}],"version-history":[{"count":19,"href":"https:\/\/vnmedia.lv\/en\/wp-json\/wp\/v2\/pages\/24621\/revisions"}],"predecessor-version":[{"id":24640,"href":"https:\/\/vnmedia.lv\/en\/wp-json\/wp\/v2\/pages\/24621\/revisions\/24640"}],"wp:attachment":[{"href":"https:\/\/vnmedia.lv\/en\/wp-json\/wp\/v2\/media?parent=24621"}],"curies":[{"name":"wp","href":"https:\/\/api.w.org\/{rel}","templated":true}]}}